{"id":512,"date":"2015-09-02T18:05:49","date_gmt":"2015-09-02T18:05:49","guid":{"rendered":"http:\/\/iusd.asu.edu.eg\/?page_id=512"},"modified":"2019-04-10T12:17:00","modified_gmt":"2019-04-10T10:17:00","slug":"international-summer-school-island-of-djerba-tunisia","status":"publish","type":"page","link":"https:\/\/iusd.asu.edu.eg\/?page_id=512","title":{"rendered":"International Summer School &#8211; ISLAND OF DJERBA (TUNISIA)"},"content":{"rendered":"<p>Application until <i>23.07.2014<\/i><\/p>\n<p>Open for Bachelor\/Master students of Architecture &amp; Urban Planning, University of Stuttgart.<\/p>\n<p><b>\u201eTowards a Sustainable Development of the Littoral Coast in Tunisia, Case study of: LELLA HADHRIA Lagoon, Island of Djerba\u201c<\/b><\/p>\n<p>&#8211; Landscape, Tourism and Integrated Coa\u00adstal Management &#8211;<\/p>\n<p>The Island of Djerba is a specific example of a human community adapting to its environment and has been recognised by the UNESCO as \u201ePatrimony of Humani\u00adty\u201c just recently. Since the 1960\u2019s the island has been witnessing intensive transfor\u00admation due to the mass tourism development. The rapid urbanization of the littoral strip with hotel complexes, golf courses and marinas threatens the vernacular assets with a risk of loss of the island\u2019s identity. Meanwhile, the island of Djerba is in need of development, but a development in a reasoned way taking into account its specificities.<\/p>\n<p>The project site of Lella Hadhria, a pristine lagoon ecosystem and home to a rich fauna and flora, is threatened by development plans for a hotel complex. The attendance of different representatives and stakeholders will give us a broad un\u00adderstanding of existing interests as well as ongoing efforts. With an interdisciplinary approach, bringing together architecture, urban planning, landscape architecture and ecology professionals and students, the summer school wants to contribute to a spirit of cooperation.<\/p>\n<p>The Summer School will be held in collaboration with Carthage University, Tunis ( Prof. Dr. Im\u00e8ne Za\u00e2frane Zhioua) and Ain Shams University, Cairo (Prof. Dr. Mohamed Salheen). During 10 days a mixed group of 8 German, 8 Egyptian and 8 German students will develop common concepts in mutual ex\u00adchange of experience and much-needed skills for the support of an integrated and sustainable costal development of the Tunisian touristic infrastructure.<\/p>\n<p>The costs for transport and residence are funded by DAAD.<\/p>\n<p>Wahlfachgruppe \/ Erg\u00e4nzungsmodul Stadt und Landschaft<\/p>\n<p>f\u00fcr Landschaftsarchitekten, Architekten &amp; Stadtplaner<\/p>\n<p>f\u00fcr Bachelor, Master &amp; Diplom ab 5. Semester<\/p>\n<p>Anerkennung als Seminar 6 LP (Diplom 4 Pkt.)<\/p>\n<p>Maximale Teilnehmerzahl 4<\/p>\n<p>Termine: Sommer Sommeruni 22.9. &#8211; 03.10.2014 sowie 4 Seminartermine, dienstags 14:00 &#8211; 17:00 Uhr<\/p>\n<p>Kosten: F\u00f6rderung durch DAAD (500\u20ac Flug + Tagespauschalen)<\/p>\n<p>Bewerbungsunterlagen bis einschlie\u00dflich 23.07.2014 an:<\/p>\n<p>Johannes J\u00f6rg, jj@ilpoe.uni-stuttgart.de oder Sekretariat ILP\u00d6 (9.Stock)<\/p>\n<p>Bitte einen kurzen Lebenslauf und max. zwei Seiten \u00fcber Motivation, Vorarbeiten oder F\u00e4higkeiten beif\u00fcgen, die du in das Projekt mitbringst.<\/p>\n<p>&nbsp;<\/p>\n<p><a href=\"http:\/\/iusd.asu.edu.eg\/wp-content\/uploads\/2015\/09\/Djerba.jpg\"><img loading=\"lazy\" decoding=\"async\" class=\"size-full wp-image-517 alignnone\" src=\"http:\/\/iusd.asu.edu.eg\/wp-content\/uploads\/2015\/09\/Djerba.jpg\" alt=\"Djerba\" width=\"473\" height=\"670\" srcset=\"https:\/\/iusd.asu.edu.eg\/wp-content\/uploads\/2015\/09\/Djerba.jpg 473w, https:\/\/iusd.asu.edu.eg\/wp-content\/uploads\/2015\/09\/Djerba-212x300.jpg 212w\" sizes=\"auto, (max-width: 473px) 100vw, 473px\" \/><\/a><\/p>\n","protected":false},"excerpt":{"rendered":"<p>Application until 23.07.2014 Open for Bachelor\/Master students of Architecture &amp; Urban Planning, University of Stuttgart. \u201eTowards a Sustainable Development of the Littoral Coast in Tunisia, Case study of: LELLA HADHRIA Lagoon, Island of Djerba\u201c &#8211; Landscape, Tourism and Integrated Coa\u00adstal Management &#8211; The Island of Djerba is a specific example of a human community adapting [&hellip;]<\/p>\n","protected":false},"author":1,"featured_media":517,"parent":17,"menu_order":11,"comment_status":"closed","ping_status":"closed","template":"","meta":{"_acf_changed":false,"footnotes":""},"class_list":["post-512","page","type-page","status-publish","has-post-thumbnail","hentry"],"acf":[],"yoast_head":"<!-- This site is optimized with the Yoast SEO plugin v27.4 - https:\/\/yoast.com\/product\/yoast-seo-wordpress\/ -->\n<title>International Summer School - ISLAND OF DJERBA (TUNISIA) - IUSD<\/title>\n<meta name=\"robots\" content=\"index, follow, max-snippet:-1, max-image-preview:large, max-video-preview:-1\" \/>\n<link rel=\"canonical\" href=\"https:\/\/iusd.asu.edu.eg\/?page_id=512\" \/>\n<meta property=\"og:locale\" content=\"en_US\" \/>\n<meta property=\"og:type\" content=\"article\" \/>\n<meta property=\"og:title\" content=\"International Summer School - ISLAND OF DJERBA (TUNISIA) - IUSD\" \/>\n<meta property=\"og:description\" content=\"Application until 23.07.2014 Open for Bachelor\/Master students of Architecture &amp; Urban Planning, University of Stuttgart. \u201eTowards a Sustainable Development of the Littoral Coast in Tunisia, Case study of: LELLA HADHRIA Lagoon, Island of Djerba\u201c &#8211; Landscape, Tourism and Integrated Coa\u00adstal Management &#8211; The Island of Djerba is a specific example of a human community adapting [&hellip;]\" \/>\n<meta property=\"og:url\" content=\"https:\/\/iusd.asu.edu.eg\/?page_id=512\" \/>\n<meta property=\"og:site_name\" content=\"IUSD\" \/>\n<meta property=\"article:publisher\" content=\"https:\/\/www.facebook.com\/groups\/151414544941918\" \/>\n<meta property=\"article:modified_time\" content=\"2019-04-10T10:17:00+00:00\" \/>\n<meta property=\"og:image\" content=\"https:\/\/iusd.asu.edu.eg\/wp-content\/uploads\/2015\/09\/Djerba.jpg\" \/>\n\t<meta property=\"og:image:width\" content=\"473\" \/>\n\t<meta property=\"og:image:height\" content=\"670\" \/>\n\t<meta property=\"og:image:type\" content=\"image\/jpeg\" \/>\n<meta name=\"twitter:card\" content=\"summary_large_image\" \/>\n<meta name=\"twitter:label1\" content=\"Est. reading time\" \/>\n\t<meta name=\"twitter:data1\" content=\"2 minutes\" \/>\n<script type=\"application\/ld+json\" class=\"yoast-schema-graph\">{\"@context\":\"https:\\\/\\\/schema.org\",\"@graph\":[{\"@type\":\"WebPage\",\"@id\":\"https:\\\/\\\/iusd.asu.edu.eg\\\/?page_id=512\",\"url\":\"https:\\\/\\\/iusd.asu.edu.eg\\\/?page_id=512\",\"name\":\"International Summer School - ISLAND OF DJERBA (TUNISIA) - IUSD\",\"isPartOf\":{\"@id\":\"https:\\\/\\\/iusd.asu.edu.eg\\\/#website\"},\"primaryImageOfPage\":{\"@id\":\"https:\\\/\\\/iusd.asu.edu.eg\\\/?page_id=512#primaryimage\"},\"image\":{\"@id\":\"https:\\\/\\\/iusd.asu.edu.eg\\\/?page_id=512#primaryimage\"},\"thumbnailUrl\":\"https:\\\/\\\/iusd.asu.edu.eg\\\/wp-content\\\/uploads\\\/2015\\\/09\\\/Djerba.jpg\",\"datePublished\":\"2015-09-02T18:05:49+00:00\",\"dateModified\":\"2019-04-10T10:17:00+00:00\",\"breadcrumb\":{\"@id\":\"https:\\\/\\\/iusd.asu.edu.eg\\\/?page_id=512#breadcrumb\"},\"inLanguage\":\"en-US\",\"potentialAction\":[{\"@type\":\"ReadAction\",\"target\":[\"https:\\\/\\\/iusd.asu.edu.eg\\\/?page_id=512\"]}]},{\"@type\":\"ImageObject\",\"inLanguage\":\"en-US\",\"@id\":\"https:\\\/\\\/iusd.asu.edu.eg\\\/?page_id=512#primaryimage\",\"url\":\"https:\\\/\\\/iusd.asu.edu.eg\\\/wp-content\\\/uploads\\\/2015\\\/09\\\/Djerba.jpg\",\"contentUrl\":\"https:\\\/\\\/iusd.asu.edu.eg\\\/wp-content\\\/uploads\\\/2015\\\/09\\\/Djerba.jpg\",\"width\":473,\"height\":670},{\"@type\":\"BreadcrumbList\",\"@id\":\"https:\\\/\\\/iusd.asu.edu.eg\\\/?page_id=512#breadcrumb\",\"itemListElement\":[{\"@type\":\"ListItem\",\"position\":1,\"name\":\"Home\",\"item\":\"https:\\\/\\\/iusd.asu.edu.eg\\\/\"},{\"@type\":\"ListItem\",\"position\":2,\"name\":\"Events\",\"item\":\"https:\\\/\\\/iusd.asu.edu.eg\\\/?page_id=17\"},{\"@type\":\"ListItem\",\"position\":3,\"name\":\"International Summer School &#8211; ISLAND OF DJERBA (TUNISIA)\"}]},{\"@type\":\"WebSite\",\"@id\":\"https:\\\/\\\/iusd.asu.edu.eg\\\/#website\",\"url\":\"https:\\\/\\\/iusd.asu.edu.eg\\\/\",\"name\":\"IUSD\",\"description\":\"Integrated Urbanism &amp; Sustainable Design\",\"publisher\":{\"@id\":\"https:\\\/\\\/iusd.asu.edu.eg\\\/#organization\"},\"potentialAction\":[{\"@type\":\"SearchAction\",\"target\":{\"@type\":\"EntryPoint\",\"urlTemplate\":\"https:\\\/\\\/iusd.asu.edu.eg\\\/?s={search_term_string}\"},\"query-input\":{\"@type\":\"PropertyValueSpecification\",\"valueRequired\":true,\"valueName\":\"search_term_string\"}}],\"inLanguage\":\"en-US\"},{\"@type\":\"Organization\",\"@id\":\"https:\\\/\\\/iusd.asu.edu.eg\\\/#organization\",\"name\":\"Ain Shams University\",\"url\":\"https:\\\/\\\/iusd.asu.edu.eg\\\/\",\"logo\":{\"@type\":\"ImageObject\",\"inLanguage\":\"en-US\",\"@id\":\"https:\\\/\\\/iusd.asu.edu.eg\\\/#\\\/schema\\\/logo\\\/image\\\/\",\"url\":\"https:\\\/\\\/iusd.asu.edu.eg\\\/wp-content\\\/uploads\\\/2015\\\/11\\\/IUSD-General-Logo_inv.jpg\",\"contentUrl\":\"https:\\\/\\\/iusd.asu.edu.eg\\\/wp-content\\\/uploads\\\/2015\\\/11\\\/IUSD-General-Logo_inv.jpg\",\"width\":473,\"height\":158,\"caption\":\"Ain Shams University\"},\"image\":{\"@id\":\"https:\\\/\\\/iusd.asu.edu.eg\\\/#\\\/schema\\\/logo\\\/image\\\/\"},\"sameAs\":[\"https:\\\/\\\/www.facebook.com\\\/groups\\\/151414544941918\",\"https:\\\/\\\/www.youtube.com\\\/user\\\/IUSDmsc\"]}]}<\/script>\n<!-- \/ Yoast SEO plugin. -->","yoast_head_json":{"title":"International Summer School - ISLAND OF DJERBA (TUNISIA) - IUSD","robots":{"index":"index","follow":"follow","max-snippet":"max-snippet:-1","max-image-preview":"max-image-preview:large","max-video-preview":"max-video-preview:-1"},"canonical":"https:\/\/iusd.asu.edu.eg\/?page_id=512","og_locale":"en_US","og_type":"article","og_title":"International Summer School - ISLAND OF DJERBA (TUNISIA) - IUSD","og_description":"Application until 23.07.2014 Open for Bachelor\/Master students of Architecture &amp; Urban Planning, University of Stuttgart. \u201eTowards a Sustainable Development of the Littoral Coast in Tunisia, Case study of: LELLA HADHRIA Lagoon, Island of Djerba\u201c &#8211; Landscape, Tourism and Integrated Coa\u00adstal Management &#8211; The Island of Djerba is a specific example of a human community adapting [&hellip;]","og_url":"https:\/\/iusd.asu.edu.eg\/?page_id=512","og_site_name":"IUSD","article_publisher":"https:\/\/www.facebook.com\/groups\/151414544941918","article_modified_time":"2019-04-10T10:17:00+00:00","og_image":[{"width":473,"height":670,"url":"https:\/\/iusd.asu.edu.eg\/wp-content\/uploads\/2015\/09\/Djerba.jpg","type":"image\/jpeg"}],"twitter_card":"summary_large_image","twitter_misc":{"Est. reading time":"2 minutes"},"schema":{"@context":"https:\/\/schema.org","@graph":[{"@type":"WebPage","@id":"https:\/\/iusd.asu.edu.eg\/?page_id=512","url":"https:\/\/iusd.asu.edu.eg\/?page_id=512","name":"International Summer School - ISLAND OF DJERBA (TUNISIA) - IUSD","isPartOf":{"@id":"https:\/\/iusd.asu.edu.eg\/#website"},"primaryImageOfPage":{"@id":"https:\/\/iusd.asu.edu.eg\/?page_id=512#primaryimage"},"image":{"@id":"https:\/\/iusd.asu.edu.eg\/?page_id=512#primaryimage"},"thumbnailUrl":"https:\/\/iusd.asu.edu.eg\/wp-content\/uploads\/2015\/09\/Djerba.jpg","datePublished":"2015-09-02T18:05:49+00:00","dateModified":"2019-04-10T10:17:00+00:00","breadcrumb":{"@id":"https:\/\/iusd.asu.edu.eg\/?page_id=512#breadcrumb"},"inLanguage":"en-US","potentialAction":[{"@type":"ReadAction","target":["https:\/\/iusd.asu.edu.eg\/?page_id=512"]}]},{"@type":"ImageObject","inLanguage":"en-US","@id":"https:\/\/iusd.asu.edu.eg\/?page_id=512#primaryimage","url":"https:\/\/iusd.asu.edu.eg\/wp-content\/uploads\/2015\/09\/Djerba.jpg","contentUrl":"https:\/\/iusd.asu.edu.eg\/wp-content\/uploads\/2015\/09\/Djerba.jpg","width":473,"height":670},{"@type":"BreadcrumbList","@id":"https:\/\/iusd.asu.edu.eg\/?page_id=512#breadcrumb","itemListElement":[{"@type":"ListItem","position":1,"name":"Home","item":"https:\/\/iusd.asu.edu.eg\/"},{"@type":"ListItem","position":2,"name":"Events","item":"https:\/\/iusd.asu.edu.eg\/?page_id=17"},{"@type":"ListItem","position":3,"name":"International Summer School &#8211; ISLAND OF DJERBA (TUNISIA)"}]},{"@type":"WebSite","@id":"https:\/\/iusd.asu.edu.eg\/#website","url":"https:\/\/iusd.asu.edu.eg\/","name":"IUSD","description":"Integrated Urbanism &amp; Sustainable Design","publisher":{"@id":"https:\/\/iusd.asu.edu.eg\/#organization"},"potentialAction":[{"@type":"SearchAction","target":{"@type":"EntryPoint","urlTemplate":"https:\/\/iusd.asu.edu.eg\/?s={search_term_string}"},"query-input":{"@type":"PropertyValueSpecification","valueRequired":true,"valueName":"search_term_string"}}],"inLanguage":"en-US"},{"@type":"Organization","@id":"https:\/\/iusd.asu.edu.eg\/#organization","name":"Ain Shams University","url":"https:\/\/iusd.asu.edu.eg\/","logo":{"@type":"ImageObject","inLanguage":"en-US","@id":"https:\/\/iusd.asu.edu.eg\/#\/schema\/logo\/image\/","url":"https:\/\/iusd.asu.edu.eg\/wp-content\/uploads\/2015\/11\/IUSD-General-Logo_inv.jpg","contentUrl":"https:\/\/iusd.asu.edu.eg\/wp-content\/uploads\/2015\/11\/IUSD-General-Logo_inv.jpg","width":473,"height":158,"caption":"Ain Shams University"},"image":{"@id":"https:\/\/iusd.asu.edu.eg\/#\/schema\/logo\/image\/"},"sameAs":["https:\/\/www.facebook.com\/groups\/151414544941918","https:\/\/www.youtube.com\/user\/IUSDmsc"]}]}},"_links":{"self":[{"href":"https:\/\/iusd.asu.edu.eg\/index.php?rest_route=\/wp\/v2\/pages\/512","targetHints":{"allow":["GET"]}}],"collection":[{"href":"https:\/\/iusd.asu.edu.eg\/index.php?rest_route=\/wp\/v2\/pages"}],"about":[{"href":"https:\/\/iusd.asu.edu.eg\/index.php?rest_route=\/wp\/v2\/types\/page"}],"author":[{"embeddable":true,"href":"https:\/\/iusd.asu.edu.eg\/index.php?rest_route=\/wp\/v2\/users\/1"}],"replies":[{"embeddable":true,"href":"https:\/\/iusd.asu.edu.eg\/index.php?rest_route=%2Fwp%2Fv2%2Fcomments&post=512"}],"version-history":[{"count":1,"href":"https:\/\/iusd.asu.edu.eg\/index.php?rest_route=\/wp\/v2\/pages\/512\/revisions"}],"predecessor-version":[{"id":518,"href":"https:\/\/iusd.asu.edu.eg\/index.php?rest_route=\/wp\/v2\/pages\/512\/revisions\/518"}],"up":[{"embeddable":true,"href":"https:\/\/iusd.asu.edu.eg\/index.php?rest_route=\/wp\/v2\/pages\/17"}],"wp:featuredmedia":[{"embeddable":true,"href":"https:\/\/iusd.asu.edu.eg\/index.php?rest_route=\/wp\/v2\/media\/517"}],"wp:attachment":[{"href":"https:\/\/iusd.asu.edu.eg\/index.php?rest_route=%2Fwp%2Fv2%2Fmedia&parent=512"}],"curies":[{"name":"wp","href":"https:\/\/api.w.org\/{rel}","templated":true}]}}