{"id":2023,"date":"2017-08-12T13:44:29","date_gmt":"2017-08-12T13:44:29","guid":{"rendered":"http:\/\/iusd.asu.edu.eg\/?page_id=2023"},"modified":"2022-11-15T18:36:50","modified_gmt":"2022-11-15T16:36:50","slug":"fourth-intake","status":"publish","type":"page","link":"https:\/\/iusd.asu.edu.eg\/?page_id=2023","title":{"rendered":"Fourth Intake"},"content":{"rendered":"<p><span style=\"color: #000000;\"><strong>Title:<\/strong> The Mutual Impacts of The Physical Settings of Residential Urban Spaces and Human Activities in Cairo\u2019s Informal Settlements<\/span><\/p>\n<p><span style=\"color: #000000;\"><strong>Author:<\/strong> Ahmed Hassan Abayazeed<\/span><\/p>\n<p><span style=\"color: #000000;\"><strong>Date:<\/strong> September 2016<\/span><\/p>\n<p><strong>Link: <\/strong> <a target=\"_blank\" class=\"blue\" href=\"https:\/\/iusd.asu.edu.eg\/?page_id=1747&id=2007\">Click here to read<\/a><\/p>\n<hr \/>\n<p><span style=\"color: #000000;\"><strong>Title:<\/strong> The Importance of Land Conversion for Urban Development<\/span><\/p>\n<p><span style=\"color: #000000;\"><strong>Author:<\/strong> Anna Buchmann<\/span><\/p>\n<p><span style=\"color: #000000;\"><strong>Date:<\/strong> September 2016<\/span><\/p>\n<p><strong>Link: <\/strong> <a target=\"_blank\" class=\"blue\" href=\"https:\/\/iusd.asu.edu.eg\/?page_id=1747&id=2138\">Click here to read<\/a><\/p>\n<hr \/>\n<p><span style=\"color: #000000;\"><strong>Title:<\/strong> Upgrading Transportation Nodes To Enhance Potentialities Of Public Places In Greater Cairo<\/span><\/p>\n<p><span style=\"color: #000000;\"><strong>Author:<\/strong> Ashraf Abouzeid<\/span><\/p>\n<p><span style=\"color: #000000;\"><strong>Date:<\/strong> September 2016<\/span><\/p>\n<p><strong>Link: <\/strong> <a target=\"_blank\" class=\"blue\" href=\"https:\/\/iusd.asu.edu.eg\/?page_id=1747&id=2009\">Click here to read<\/a><\/p>\n<hr \/>\n<p><span style=\"color: #000000;\"><strong>Title:<\/strong> Role of open spaces in enhancing resilience of Amman city<\/span><\/p>\n<p><span style=\"color: #000000;\"><strong>Author:<\/strong> Dina Al Najjar<\/span><\/p>\n<p><span style=\"color: #000000;\"><strong>Date:<\/strong> September 2016<\/span><\/p>\n<p><strong>Link: <\/strong> <a target=\"_blank\" class=\"blue\" href=\"https:\/\/iusd.asu.edu.eg\/?page_id=1747&id=2010\">Click here to read<\/a><\/p>\n<hr \/>\n<p><span style=\"color: #000000;\"><strong>Title:<\/strong> The Role of Traditional Events in Heritage Preservation and Urban Regeneration: Case study of Alexandria<\/span><\/p>\n<p><span style=\"color: #000000;\"><strong>Author:<\/strong> Hadir Hawash<\/span><\/p>\n<p><span style=\"color: #000000;\"><strong>Date:<\/strong> September 2016<\/span><\/p>\n<p><strong>Link: <\/strong> <a target=\"_blank\" class=\"blue\" href=\"https:\/\/iusd.asu.edu.eg\/?page_id=1747&id=2011\">Click here to read<\/a><\/p>\n<hr \/>\n<p><span style=\"color: #000000;\"><strong>Title:<\/strong> Towards a Win-Win situation between listed villas and owners\u2019 economic Losses: Economic Diagnosis<\/span><\/p>\n<p><span style=\"color: #000000;\"><strong>Author:<\/strong> Heba Hatem Abdelhalim Aggour<\/span><\/p>\n<p><span style=\"color: #000000;\"><strong>Date:<\/strong> September 2016<\/span><\/p>\n<p><strong>Link: <\/strong> <a target=\"_blank\" class=\"blue\" href=\"https:\/\/iusd.asu.edu.eg\/?page_id=1747&id=2012\">Click here to read<\/a><\/p>\n<hr \/>\n<p><span style=\"color: #000000;\"><strong>Title:<\/strong> Rooftops from Wasted to Scarce Resource; The Competition between Harvesting Crops and Solar Energy in Nasr City, Cairo<\/span><\/p>\n<p><span style=\"color: #000000;\"><strong>Author:<\/strong> Mai Adel Fathy Marzouk<\/span><\/p>\n<p><span style=\"color: #000000;\"><strong>Date:<\/strong> September 2016<\/span><\/p>\n<p><strong>Link: <\/strong> <a target=\"_blank\" class=\"blue\" href=\"https:\/\/iusd.asu.edu.eg\/?page_id=1747&id=2013\">Click here to read<\/a><\/p>\n<hr \/>\n<p><span style=\"color: #000000;\"><strong>Title:<\/strong> Rethinking Halted Investments Exploring the Potential of Interim Use in Amman<\/span><\/p>\n<p><span style=\"color: #000000;\"><strong>Author:<\/strong> Mohamed Al Jabii<\/span><\/p>\n<p><span style=\"color: #000000;\"><strong>Date:<\/strong> September 2016<\/span><\/p>\n<p><strong>Link: <\/strong> <a target=\"_blank\" class=\"blue\" href=\"https:\/\/iusd.asu.edu.eg\/?page_id=1747&id=2014\">Click here to read<\/a><\/p>\n<hr \/>\n<p><span style=\"color: #000000;\"><strong>Title:<\/strong> The role of sociocultural dynamics in the preservation of historical city centers: The case of Tunis\u2019 Medina<\/span><\/p>\n<p><span style=\"color: #000000;\"><strong>Author:<\/strong> Nader Khelifi<\/span><\/p>\n<p><span style=\"color: #000000;\"><strong>Date:<\/strong> September 2016<\/span><\/p>\n<p><strong>Link: <\/strong> <a target=\"_blank\" class=\"blue\" href=\"https:\/\/iusd.asu.edu.eg\/?page_id=1747&id=2015\">Click here to read<\/a><\/p>\n<hr \/>\n<p><span style=\"color: #000000;\"><strong>Title:<\/strong> Mapping the impact of women\u2019s perceptual safety on public spaces: Investigating the relationship between gender, class, cultural centers and social relations in sha\u2019bi districts in Cairo<\/span><\/p>\n<p><span style=\"color: #000000;\"><strong>Author:<\/strong> Reeham Ebrahim Aly Sayed<\/span><\/p>\n<p><span style=\"color: #000000;\"><strong>Date:<\/strong> September 2016<\/span><\/p>\n<p><strong>Link: <\/strong> <a target=\"_blank\" class=\"blue\" href=\"https:\/\/iusd.asu.edu.eg\/?page_id=1747&id=2016\">Click here to read<\/a><\/p>\n<hr \/>\n<p><span style=\"color: #000000;\"><strong>Title:<\/strong> Sustainable strategies for urban renewal: Assessing the case of redevelopment in Military tera*, Addis Ababa<\/span><\/p>\n<p><span style=\"color: #000000;\"><strong>Author:<\/strong> Semegnish Eshetu Gizaw<\/span><\/p>\n<p><span style=\"color: #000000;\"><strong>Date:<\/strong> September 2016<\/span><\/p>\n<p><strong>Link: <\/strong> <a target=\"_blank\" class=\"blue\" href=\"https:\/\/iusd.asu.edu.eg\/?page_id=1747&id=2017\">Click here to read<\/a><\/p>\n<hr \/>\n<p><span style=\"color: #000000;\"><strong>Title:<\/strong> Impacts of the New International Airport in the Sacred Valley \u2013 Peru Opportunities in land use- and urban density planning<\/span><\/p>\n<p><span style=\"color: #000000;\"><strong>Author:<\/strong> Stephanie Gil Zacarias<\/span><\/p>\n<p><span style=\"color: #000000;\"><strong>Date:<\/strong> September 2016<\/span><\/p>\n<p><strong>Link: <\/strong> <a target=\"_blank\" class=\"blue\" href=\"https:\/\/iusd.asu.edu.eg\/?page_id=1747&id=2018\">Click here to read<\/a><\/p>\n<hr \/>\n<p><span style=\"color: #000000;\"><strong>Title:<\/strong> Integrating Sustainable Energy Solutions into Urban Design in Cairo Photovoltaic Panels<\/span><\/p>\n<p><span style=\"color: #000000;\">Case Study: Al-Rehab City<\/span><\/p>\n<p><span style=\"color: #000000;\"><strong>Author:<\/strong> Tamer Aly Kamel<\/span><\/p>\n<p><span style=\"color: #000000;\"><strong>Date:<\/strong> September 2016<\/span><\/p>\n<p><strong>Link: <\/strong> <a target=\"_blank\" class=\"blue\" href=\"https:\/\/iusd.asu.edu.eg\/?page_id=1747&id=2019\">Click here to read<\/a><\/p>\n<hr \/>\n<p><span style=\"color: #000000;\"><strong>Title:<\/strong> Urban stress relief in heritage sites as a sustaining approach: The case of Port Said<\/span><\/p>\n<p><span style=\"color: #000000;\"><strong>Author:<\/strong> Yasmin Shata<\/span><\/p>\n<p><span style=\"color: #000000;\"><strong>Date:<\/strong> September 2016<\/span><\/p>\n<p><strong>Link: <\/strong> <a target=\"_blank\" class=\"blue\" href=\"https:\/\/iusd.asu.edu.eg\/?page_id=1747&id=2022\">Click here to read<\/a><\/p>\n<hr \/>\n<p><span style=\"color: #000000;\"><strong>Title:<\/strong> Rapid Growth Dynamics In Sensitive Urban Ecosystems: The Case of Siwa Oasis<\/span><\/p>\n<p><span style=\"color: #000000;\"><strong>Author:<\/strong> Yasmine A. Halawa<\/span><\/p>\n<p><span style=\"color: #000000;\"><strong>Date:<\/strong> September 2016<\/span><\/p>\n<p><strong>Link: <\/strong> <a target=\"_blank\" class=\"blue\" href=\"https:\/\/iusd.asu.edu.eg\/?page_id=1747&id=2020\">Click here to read<\/a><\/p>\n<hr \/>\n<p><span style=\"color: #000000;\"><strong>Title:<\/strong> Understanding the Historic Urban Landscape of Siwa oasis: The relationship between human activity and the built environment in the formation of urban landscapes<\/span><\/p>\n<p><span style=\"color: #000000;\"><strong>Author:<\/strong> Aly s. Elsayed<\/span><\/p>\n<p><span style=\"color: #000000;\"><strong>Date:<\/strong> September 2016<\/span><\/p>\n<p><strong>Link: <\/strong> <a target=\"_blank\" class=\"blue\" href=\"https:\/\/iusd.asu.edu.eg\/?page_id=1747&id=2021\">Click here to read<\/a><\/p>\n<hr \/>\n<p><span style=\"color: #000000;\"><strong>Title<\/strong>: Social cohesion and urban commons; Urban commons as a socio-cohesive paradigm: the case of study of Stuttgart urban commons: Repair Cafe Stuttgart and Casa Schuetzenplatz<\/span><\/p>\n<p><span style=\"color: #000000;\"><strong>Author: <\/strong>Mariana del Rosario Lugo Gonzalez<\/span><\/p>\n<p><span style=\"color: #000000;\"><strong>Date: <\/strong>2017<\/span><\/p>\n<p><span style=\"color: #000000;\"><p><strong>Link: <\/strong> <a target=\"_blank\" class=\"blue\" href=\"https:\/\/iusd.asu.edu.eg\/?page_id=1747&id=2221\">Click here to read<\/a><\/p><\/span><\/p>\n<hr \/>\n<p><span style=\"color: #000000;\"><strong>Title<\/strong>: Comprehensive Medium-Scale Interventions in the Public Space of Central Areas to Enhance Public LifeHow the implementation of Real-life Experiments can lead to Public Life Enhancement. The case of Sch\u00fctzenplatz, Stuttgart<\/span><\/p>\n<p><span style=\"color: #000000;\"><strong>Author: <\/strong>Jes\u00fas Antonio Mart\u00ednez Z\u00e1rateCMSI<\/span><\/p>\n<p><span style=\"color: #000000;\"><strong>Date: <\/strong>2017<\/span><\/p>\n<p><span style=\"color: #000000;\"><p><strong>Link: <\/strong> <a target=\"_blank\" class=\"blue\" href=\"https:\/\/iusd.asu.edu.eg\/?page_id=1747&id=2222\">Click here to read<\/a><\/p><\/span><\/p>\n<hr \/>\n<p><span style=\"color: #000000;\"><strong>Title<\/strong>: You-Design; Empowering Selfbuilt Communities Case of Istabl Antar, Cairo, Egypt<\/span><\/p>\n<p><span style=\"color: #000000;\"><strong>Author: <\/strong>Hebatullah Hendawy<\/span><\/p>\n<p><span style=\"color: #000000;\"><strong>Date: <\/strong>2017<\/span><\/p>\n<p><span style=\"color: #000000;\"><p><strong>Link: <\/strong> <a target=\"_blank\" class=\"blue\" href=\"https:\/\/iusd.asu.edu.eg\/?page_id=1747&id=2223\">Click here to read<\/a><\/p><\/span><\/p>\n","protected":false},"excerpt":{"rendered":"<p>Title: The Mutual Impacts of The Physical Settings of Residential Urban Spaces and Human Activities in Cairo\u2019s Informal Settlements Author: Ahmed Hassan Abayazeed Date: September 2016 Title: The Importance of Land Conversion for Urban Development Author: Anna Buchmann Date: September 2016 Title: Upgrading Transportation Nodes To Enhance Potentialities Of Public Places In Greater Cairo Author: [&hellip;]<\/p>\n","protected":false},"author":3,"featured_media":0,"parent":33,"menu_order":5,"comment_status":"closed","ping_status":"closed","template":"","meta":{"_acf_changed":false,"footnotes":""},"class_list":["post-2023","page","type-page","status-publish","hentry"],"acf":[],"yoast_head":"<!-- This site is optimized with the Yoast SEO plugin v27.4 - https:\/\/yoast.com\/product\/yoast-seo-wordpress\/ -->\n<title>Fourth Intake - IUSD<\/title>\n<meta name=\"robots\" content=\"index, follow, max-snippet:-1, max-image-preview:large, max-video-preview:-1\" \/>\n<link rel=\"canonical\" href=\"https:\/\/iusd.asu.edu.eg\/?page_id=2023\" \/>\n<meta property=\"og:locale\" content=\"en_US\" \/>\n<meta property=\"og:type\" content=\"article\" \/>\n<meta property=\"og:title\" content=\"Fourth Intake - IUSD\" \/>\n<meta property=\"og:description\" content=\"Title: The Mutual Impacts of The Physical Settings of Residential Urban Spaces and Human Activities in Cairo\u2019s Informal Settlements Author: Ahmed Hassan Abayazeed Date: September 2016 Title: The Importance of Land Conversion for Urban Development Author: Anna Buchmann Date: September 2016 Title: Upgrading Transportation Nodes To Enhance Potentialities Of Public Places In Greater Cairo Author: [&hellip;]\" \/>\n<meta property=\"og:url\" content=\"https:\/\/iusd.asu.edu.eg\/?page_id=2023\" \/>\n<meta property=\"og:site_name\" content=\"IUSD\" \/>\n<meta property=\"article:publisher\" content=\"https:\/\/www.facebook.com\/groups\/151414544941918\" \/>\n<meta property=\"article:modified_time\" content=\"2022-11-15T16:36:50+00:00\" \/>\n<meta name=\"twitter:card\" content=\"summary_large_image\" \/>\n<meta name=\"twitter:label1\" content=\"Est. reading time\" \/>\n\t<meta name=\"twitter:data1\" content=\"3 minutes\" \/>\n<script type=\"application\/ld+json\" class=\"yoast-schema-graph\">{\"@context\":\"https:\\\/\\\/schema.org\",\"@graph\":[{\"@type\":\"WebPage\",\"@id\":\"https:\\\/\\\/iusd.asu.edu.eg\\\/?page_id=2023\",\"url\":\"https:\\\/\\\/iusd.asu.edu.eg\\\/?page_id=2023\",\"name\":\"Fourth Intake - IUSD\",\"isPartOf\":{\"@id\":\"https:\\\/\\\/iusd.asu.edu.eg\\\/#website\"},\"datePublished\":\"2017-08-12T13:44:29+00:00\",\"dateModified\":\"2022-11-15T16:36:50+00:00\",\"breadcrumb\":{\"@id\":\"https:\\\/\\\/iusd.asu.edu.eg\\\/?page_id=2023#breadcrumb\"},\"inLanguage\":\"en-US\",\"potentialAction\":[{\"@type\":\"ReadAction\",\"target\":[\"https:\\\/\\\/iusd.asu.edu.eg\\\/?page_id=2023\"]}]},{\"@type\":\"BreadcrumbList\",\"@id\":\"https:\\\/\\\/iusd.asu.edu.eg\\\/?page_id=2023#breadcrumb\",\"itemListElement\":[{\"@type\":\"ListItem\",\"position\":1,\"name\":\"Home\",\"item\":\"https:\\\/\\\/iusd.asu.edu.eg\\\/\"},{\"@type\":\"ListItem\",\"position\":2,\"name\":\"ASU Lab\",\"item\":\"https:\\\/\\\/iusd.asu.edu.eg\\\/?page_id=12\"},{\"@type\":\"ListItem\",\"position\":3,\"name\":\"Publications\",\"item\":\"https:\\\/\\\/iusd.asu.edu.eg\\\/?page_id=15\"},{\"@type\":\"ListItem\",\"position\":4,\"name\":\"IUSD Master Theses\",\"item\":\"https:\\\/\\\/iusd.asu.edu.eg\\\/?page_id=33\"},{\"@type\":\"ListItem\",\"position\":5,\"name\":\"Fourth Intake\"}]},{\"@type\":\"WebSite\",\"@id\":\"https:\\\/\\\/iusd.asu.edu.eg\\\/#website\",\"url\":\"https:\\\/\\\/iusd.asu.edu.eg\\\/\",\"name\":\"IUSD\",\"description\":\"Integrated Urbanism &amp; Sustainable Design\",\"publisher\":{\"@id\":\"https:\\\/\\\/iusd.asu.edu.eg\\\/#organization\"},\"potentialAction\":[{\"@type\":\"SearchAction\",\"target\":{\"@type\":\"EntryPoint\",\"urlTemplate\":\"https:\\\/\\\/iusd.asu.edu.eg\\\/?s={search_term_string}\"},\"query-input\":{\"@type\":\"PropertyValueSpecification\",\"valueRequired\":true,\"valueName\":\"search_term_string\"}}],\"inLanguage\":\"en-US\"},{\"@type\":\"Organization\",\"@id\":\"https:\\\/\\\/iusd.asu.edu.eg\\\/#organization\",\"name\":\"Ain Shams University\",\"url\":\"https:\\\/\\\/iusd.asu.edu.eg\\\/\",\"logo\":{\"@type\":\"ImageObject\",\"inLanguage\":\"en-US\",\"@id\":\"https:\\\/\\\/iusd.asu.edu.eg\\\/#\\\/schema\\\/logo\\\/image\\\/\",\"url\":\"https:\\\/\\\/iusd.asu.edu.eg\\\/wp-content\\\/uploads\\\/2015\\\/11\\\/IUSD-General-Logo_inv.jpg\",\"contentUrl\":\"https:\\\/\\\/iusd.asu.edu.eg\\\/wp-content\\\/uploads\\\/2015\\\/11\\\/IUSD-General-Logo_inv.jpg\",\"width\":473,\"height\":158,\"caption\":\"Ain Shams University\"},\"image\":{\"@id\":\"https:\\\/\\\/iusd.asu.edu.eg\\\/#\\\/schema\\\/logo\\\/image\\\/\"},\"sameAs\":[\"https:\\\/\\\/www.facebook.com\\\/groups\\\/151414544941918\",\"https:\\\/\\\/www.youtube.com\\\/user\\\/IUSDmsc\"]}]}<\/script>\n<!-- \/ Yoast SEO plugin. -->","yoast_head_json":{"title":"Fourth Intake - IUSD","robots":{"index":"index","follow":"follow","max-snippet":"max-snippet:-1","max-image-preview":"max-image-preview:large","max-video-preview":"max-video-preview:-1"},"canonical":"https:\/\/iusd.asu.edu.eg\/?page_id=2023","og_locale":"en_US","og_type":"article","og_title":"Fourth Intake - IUSD","og_description":"Title: The Mutual Impacts of The Physical Settings of Residential Urban Spaces and Human Activities in Cairo\u2019s Informal Settlements Author: Ahmed Hassan Abayazeed Date: September 2016 Title: The Importance of Land Conversion for Urban Development Author: Anna Buchmann Date: September 2016 Title: Upgrading Transportation Nodes To Enhance Potentialities Of Public Places In Greater Cairo Author: [&hellip;]","og_url":"https:\/\/iusd.asu.edu.eg\/?page_id=2023","og_site_name":"IUSD","article_publisher":"https:\/\/www.facebook.com\/groups\/151414544941918","article_modified_time":"2022-11-15T16:36:50+00:00","twitter_card":"summary_large_image","twitter_misc":{"Est. reading time":"3 minutes"},"schema":{"@context":"https:\/\/schema.org","@graph":[{"@type":"WebPage","@id":"https:\/\/iusd.asu.edu.eg\/?page_id=2023","url":"https:\/\/iusd.asu.edu.eg\/?page_id=2023","name":"Fourth Intake - IUSD","isPartOf":{"@id":"https:\/\/iusd.asu.edu.eg\/#website"},"datePublished":"2017-08-12T13:44:29+00:00","dateModified":"2022-11-15T16:36:50+00:00","breadcrumb":{"@id":"https:\/\/iusd.asu.edu.eg\/?page_id=2023#breadcrumb"},"inLanguage":"en-US","potentialAction":[{"@type":"ReadAction","target":["https:\/\/iusd.asu.edu.eg\/?page_id=2023"]}]},{"@type":"BreadcrumbList","@id":"https:\/\/iusd.asu.edu.eg\/?page_id=2023#breadcrumb","itemListElement":[{"@type":"ListItem","position":1,"name":"Home","item":"https:\/\/iusd.asu.edu.eg\/"},{"@type":"ListItem","position":2,"name":"ASU Lab","item":"https:\/\/iusd.asu.edu.eg\/?page_id=12"},{"@type":"ListItem","position":3,"name":"Publications","item":"https:\/\/iusd.asu.edu.eg\/?page_id=15"},{"@type":"ListItem","position":4,"name":"IUSD Master Theses","item":"https:\/\/iusd.asu.edu.eg\/?page_id=33"},{"@type":"ListItem","position":5,"name":"Fourth Intake"}]},{"@type":"WebSite","@id":"https:\/\/iusd.asu.edu.eg\/#website","url":"https:\/\/iusd.asu.edu.eg\/","name":"IUSD","description":"Integrated Urbanism &amp; Sustainable Design","publisher":{"@id":"https:\/\/iusd.asu.edu.eg\/#organization"},"potentialAction":[{"@type":"SearchAction","target":{"@type":"EntryPoint","urlTemplate":"https:\/\/iusd.asu.edu.eg\/?s={search_term_string}"},"query-input":{"@type":"PropertyValueSpecification","valueRequired":true,"valueName":"search_term_string"}}],"inLanguage":"en-US"},{"@type":"Organization","@id":"https:\/\/iusd.asu.edu.eg\/#organization","name":"Ain Shams University","url":"https:\/\/iusd.asu.edu.eg\/","logo":{"@type":"ImageObject","inLanguage":"en-US","@id":"https:\/\/iusd.asu.edu.eg\/#\/schema\/logo\/image\/","url":"https:\/\/iusd.asu.edu.eg\/wp-content\/uploads\/2015\/11\/IUSD-General-Logo_inv.jpg","contentUrl":"https:\/\/iusd.asu.edu.eg\/wp-content\/uploads\/2015\/11\/IUSD-General-Logo_inv.jpg","width":473,"height":158,"caption":"Ain Shams University"},"image":{"@id":"https:\/\/iusd.asu.edu.eg\/#\/schema\/logo\/image\/"},"sameAs":["https:\/\/www.facebook.com\/groups\/151414544941918","https:\/\/www.youtube.com\/user\/IUSDmsc"]}]}},"_links":{"self":[{"href":"https:\/\/iusd.asu.edu.eg\/index.php?rest_route=\/wp\/v2\/pages\/2023","targetHints":{"allow":["GET"]}}],"collection":[{"href":"https:\/\/iusd.asu.edu.eg\/index.php?rest_route=\/wp\/v2\/pages"}],"about":[{"href":"https:\/\/iusd.asu.edu.eg\/index.php?rest_route=\/wp\/v2\/types\/page"}],"author":[{"embeddable":true,"href":"https:\/\/iusd.asu.edu.eg\/index.php?rest_route=\/wp\/v2\/users\/3"}],"replies":[{"embeddable":true,"href":"https:\/\/iusd.asu.edu.eg\/index.php?rest_route=%2Fwp%2Fv2%2Fcomments&post=2023"}],"version-history":[{"count":7,"href":"https:\/\/iusd.asu.edu.eg\/index.php?rest_route=\/wp\/v2\/pages\/2023\/revisions"}],"predecessor-version":[{"id":2135,"href":"https:\/\/iusd.asu.edu.eg\/index.php?rest_route=\/wp\/v2\/pages\/2023\/revisions\/2135"}],"up":[{"embeddable":true,"href":"https:\/\/iusd.asu.edu.eg\/index.php?rest_route=\/wp\/v2\/pages\/33"}],"wp:attachment":[{"href":"https:\/\/iusd.asu.edu.eg\/index.php?rest_route=%2Fwp%2Fv2%2Fmedia&parent=2023"}],"curies":[{"name":"wp","href":"https:\/\/api.w.org\/{rel}","templated":true}]}}